{"id":1312,"date":"2023-06-29T07:50:12","date_gmt":"2023-06-29T07:50:12","guid":{"rendered":"https:\/\/demosites.io\/online-course-2-gb\/?page_id=5"},"modified":"2025-10-01T13:15:14","modified_gmt":"2025-10-01T10:15:14","slug":"about-me","status":"publish","type":"page","link":"https:\/\/madalinmilea.com\/ro\/about-me\/","title":{"rendered":"Despre"},"content":{"rendered":"<div id=\"wp-block-themeisle-blocks-advanced-columns-35179f94\" class=\"wp-block-themeisle-blocks-advanced-columns alignfull has-1-columns has-desktop-equal-layout has-tablet-equal-layout has-mobile-collapsedRows-layout has-vertical-center ticss-c00aadba has-light-bg\"><div class=\"wp-block-themeisle-blocks-advanced-columns-overlay\"><\/div><div class=\"innerblocks-wrap\">\n<div id=\"wp-block-themeisle-blocks-advanced-column-7223c145\" class=\"wp-block-themeisle-blocks-advanced-column\">\n<div id=\"wp-block-themeisle-blocks-advanced-heading-0ffe74b5\" class=\"wp-block-themeisle-blocks-advanced-heading wp-block-themeisle-blocks-advanced-heading-0ffe74b5\"><strong>Experien\u021ba Mea<\/strong><br>Cu peste un deceniu de experien\u021b\u0103 \u00een WordPress \u0219i Dezvoltare Personal\u0103, am lucrat \u00eendeaproape cu <strong>pe manageri, directori \u0219i speciali\u0219ti<\/strong> care se confrunt\u0103 cu dublul provoc\u0103rii de a ob\u021bine rezultate \u0219i de a gestiona stresul \u0219i incertitudinea. Ca mul\u021bi profesioni\u0219ti din roluri solicitante, am trecut \u0219i eu prin epuizare \u0219i presiunea performan\u021bei \u2014 experien\u021be care mi-au conturat abordarea \u00een coaching.<br>Ast\u0103zi, m\u0103 concentrez pe a-i ajuta pe lideri \u0219i speciali\u0219ti <strong>s\u0103 i\u0219i clarifice obiectivele, s\u0103 \u00ee\u0219i construiasc\u0103 rezilien\u021ba \u0219i s\u0103 creeze obiceiuri durabile<\/strong> care s\u0103 sus\u021bin\u0103 at\u00e2t performan\u021ba, c\u00e2t \u0219i bun\u0103starea.<\/div>\n<\/div>\n<\/div><\/div>\n\n\n\n<div id=\"wp-block-themeisle-blocks-advanced-columns-35825447\" class=\"wp-block-themeisle-blocks-advanced-columns alignfull has-1-columns has-desktop-equal-layout has-tablet-collapsedRows-layout has-mobile-collapsedRows-layout has-reverse-columns-tablet has-vertical-center ticss-c00aadba  has-dark-bg\"><div class=\"wp-block-themeisle-blocks-advanced-columns-overlay\"><\/div><div class=\"innerblocks-wrap\">\n<div id=\"wp-block-themeisle-blocks-advanced-column-ed1b12ac\" class=\"wp-block-themeisle-blocks-advanced-column\">\n<h2 class=\"wp-block-heading has-text-align-center\" style=\"font-size:23px\"><strong>De ce este important acest proces<\/strong><\/h2>\n\n\n\n<p>Cerin\u021bele rolurilor de conducere \u0219i ale rolurilor specializate las\u0103 adesea pu\u021bin spa\u021biu pentru auto-reflec\u021bie sau dezvoltare personal\u0103. Coaching-ul meu este conceput pentru a acoperi aceast\u0103 lacun\u0103, oferind:<\/p>\n\n\n\n<ul class=\"wp-block-list\">\n<li><strong>Strategii clare<\/strong> pentru gestionarea stresului \u0219i men\u021binerea concentr\u0103rii.<\/li>\n\n\n\n<li><strong>Instrumente practice<\/strong> pentru \u00eembun\u0103t\u0103\u021birea procesului decizional \u0219i a productivit\u0103\u021bii.<\/li>\n\n\n\n<li><strong>Un spa\u021biu de sprijin<\/strong> pentru a aborda \u00eendoielile de sine, tranzi\u021biile \u00een carier\u0103 sau provoc\u0103rile de leadership.<\/li>\n<\/ul>\n\n\n\n<p>Nu cred \u00een solu\u021bii universale. \u00cen schimb, lucr\u0103m \u00eempreun\u0103 pentru a dezvolta un plan adaptat punctelor tale forte, valorilor \u0219i obiectivelor tale.<\/p>\n\n\n\n<hr class=\"wp-block-separator has-alpha-channel-opacity\"\/>\n\n\n\n<h4 class=\"wp-block-heading has-text-align-center\"><strong>Cum vom colabora<\/strong><\/h4>\n\n\n\n<ul class=\"wp-block-list\">\n<li><strong>Coaching individual<\/strong>: Sesiuni personalizate pentru a aborda provoc\u0103rile tale specifice, fie c\u0103 e\u0219ti \u00een tranzi\u021bie c\u0103tre un rol de leadership, i\u021bi perfec\u021bionezi prezen\u021ba executiv\u0103 sau cau\u021bi un echilibru mai bun \u00eentre munc\u0103 \u0219i via\u021ba personal\u0103.<\/li>\n\n\n\n<li><strong>Ateliere \u021bi Discu\u021bii<\/strong>: Perspective bazate pe dovezi despre gestionarea stresului, dezvoltarea leadership-ului \u0219i cre\u0219terea \u00een carier\u0103.<\/li>\n\n\n\n<li><strong>Resurse<\/strong>: instrumente practice pentru a te ajuta s\u0103 implementezi schimb\u0103rile imediat.<\/li>\n<\/ul>\n\n\n\n<p>Am \u00eemp\u0103rt\u0103\u0219it aceste principii la evenimente precum <strong>WordCamp Rom\u00e2nia<\/strong>, unde am vorbit despre gestionarea stresului pentru o experien\u021b\u0103 professional\u0103 mai s\u0103n\u0103toas\u0103. Scopul meu este s\u0103 te ajut <strong>s\u0103 i\u021bi gestionezi echipa\/rolul cu \u00eencredere, f\u0103r\u0103 s\u0103 \u00ee\u021bi sacrifici bunastarea.<\/strong>.<\/p>\n<\/div>\n<\/div><\/div>\n\n\n\n<div id=\"wp-block-themeisle-blocks-advanced-columns-976d1013\" class=\"wp-block-themeisle-blocks-advanced-columns alignfull has-2-columns has-desktop-equal-layout has-tablet-equal-layout has-mobile-collapsedRows-layout has-vertical-center ticss-c00aadba\"><div class=\"wp-block-themeisle-blocks-advanced-columns-overlay\"><\/div><div class=\"innerblocks-wrap\">\n<div id=\"wp-block-themeisle-blocks-advanced-column-aeb75e3d\" class=\"wp-block-themeisle-blocks-advanced-column has-dark-bg\">\n<div class=\"wp-block-group is-vertical is-layout-flex wp-container-core-group-is-layout-8cf370e7 wp-block-group-is-layout-flex\">\n<h2 id=\"wp-block-themeisle-blocks-advanced-heading-73a6b4e8\" class=\"wp-block-themeisle-blocks-advanced-heading wp-block-themeisle-blocks-advanced-heading-73a6b4e8\">Valori<\/h2>\n\n\n\n<p>Cred \u00een <strong>Claritate, \u00eencredere \u0219i cre\u0219tere durabil\u0103<\/strong>. Abordarea mea de coaching se construie\u0219te pe:<\/p>\n\n\n\n<ul class=\"wp-block-list\">\n<li><strong>Autenticitate<\/strong>: Strategii practice care func\u021bioneaz\u0103 \u00een lumea real\u0103, nu doar \u00een teorie.<\/li>\n\n\n\n<li><strong>Adaptabilitate<\/strong>: Fiecare sesiune este <strong>personalizat\u0103<\/strong> \u00een func\u021bie de obiectivele \u0219i provoc\u0103rile tale unice.<\/li>\n\n\n\n<li><strong>\u00cenv\u0103\u021bare continu\u0103<\/strong>: \u00ce\u021bi ofer instrumente pentru a te dezvolta \u00een carier\u0103 \u0219i \u00een via\u021b\u0103.<\/li>\n\n\n\n<li><strong>Echilibru<\/strong>: Te ajut sa obtii succesul <strong>far\u0103 s\u0103 te epuizezi.<\/strong>.<\/li>\n<\/ul>\n\n\n\n<p>Apreciez <strong>transparen\u021ba, empatia \u0219i rezultate concrete<\/strong>, astfel \u00eenc\u00e2t s\u0103 pleci de la fiecare sesiune cu pa\u0219i clari de urmat.<\/p>\n<\/div>\n<\/div>\n\n\n\n<div id=\"wp-block-themeisle-blocks-advanced-column-8614430a\" class=\"wp-block-themeisle-blocks-advanced-column has-light-bg\">\n<div class=\"wp-block-group is-vertical is-layout-flex wp-container-core-group-is-layout-8cf370e7 wp-block-group-is-layout-flex\">\n<h2 id=\"wp-block-themeisle-blocks-advanced-heading-4a75b751\" class=\"wp-block-themeisle-blocks-advanced-heading wp-block-themeisle-blocks-advanced-heading-4a75b751\">Misiune<\/h2>\n\n\n\n<p>Misiunea mea este s\u0103 \u00eei ajut <strong>pe manageri, directori \u0219i speciali\u0219ti<\/strong> s\u0103 \u00ee\u0219i valorifice poten\u021bialul maxim. M\u0103 concentrez pe:<\/p>\n\n\n\n<ul class=\"wp-block-list\">\n<li><strong>Claritate<\/strong>: Definirea \u0219i atingerea obiectivelor cu \u00eencredere.<\/li>\n\n\n\n<li><strong>Performan\u021b\u0103<\/strong>: Construirea unor obiceiuri pentru <strong>succes pe termen lung.<\/strong>.<\/li>\n\n\n\n<li><strong>Bun\u0103stare<\/strong>: Asigurarea c\u0103 dezvoltarea ta se aliniaz\u0103 cu o <strong>via\u021b\u0103 \u00eemplinitoare<\/strong>.<\/li>\n<\/ul>\n\n\n\n<p>Combin experien\u021ba mea \u00een <strong>leadership, antreprenoriat \u0219i dezvoltare personal\u0103<\/strong> pentru a te ghida de acolo unde e\u0219ti acum acolo unde \u00ee\u021bi dore\u0219ti s\u0103 ajungi \u2014<strong>cu scop \u0219i echilibru.<\/strong>.<\/p>\n<\/div>\n<\/div>\n<\/div><\/div>\n\n\n\n<div id=\"wp-block-themeisle-blocks-advanced-columns-784450ff\" class=\"wp-block-themeisle-blocks-advanced-columns alignfull has-1-columns has-desktop-equal-layout has-tablet-equal-layout has-mobile-collapsedRows-layout has-vertical-center ticss-c00aadba has-dark-bg\"><div class=\"wp-block-themeisle-blocks-advanced-columns-overlay\"><\/div><div class=\"innerblocks-wrap\">\n<div id=\"wp-block-themeisle-blocks-advanced-column-d0fbfc0a\" class=\"wp-block-themeisle-blocks-advanced-column\">\n<div id=\"wp-block-themeisle-blocks-advanced-columns-8085ff1f\" class=\"wp-block-themeisle-blocks-advanced-columns has-2-columns has-desktop-equal-layout has-tablet-equal-layout has-mobile-collapsedRows-layout has-vertical-top\"><div class=\"wp-block-themeisle-blocks-advanced-columns-overlay\"><\/div><div class=\"innerblocks-wrap\">\n<div id=\"wp-block-themeisle-blocks-advanced-column-dfb15c39\" class=\"wp-block-themeisle-blocks-advanced-column\"><div class=\"wp-block-themeisle-blocks-advanced-column-overlay\"><\/div>\n<div style=\"height:10px\" aria-hidden=\"true\" class=\"wp-block-spacer\"><\/div>\n\n\n\n<p id=\"wp-block-themeisle-blocks-advanced-heading-b5d7f688\" class=\"wp-block-themeisle-blocks-advanced-heading wp-block-themeisle-blocks-advanced-heading-b5d7f688\"><strong>Stefan C.<\/strong><\/p>\n\n\n\n<p class=\"has-text-align-left has-nv-text-dark-bg-color has-text-color has-link-color wp-elements-46d9188d29b6b11274c1dce18ffdfdca\">Am lucrat cu M\u0103d\u0103lin \u00een diferite roluri de-a lungul ultimilor ani, iar experien\u021ba a fost \u00eentotdeauna una pozitiv\u0103.<\/p>\n\n\n\n<p>A fost managerul meu direct timp de aproximativ 3 ani \u00een echipa de Suport Clien\u021bi, unde ne-a \u00eencurajat constant s\u0103 ne exprim\u0103m opiniile, s\u0103 luam ini\u021biativ\u0103, s\u0103 experiment\u0103m noi modalit\u0103\u021bi de a lucra cu clien\u021bii \u0219i s\u0103 r\u0103m\u00e2nem curio\u0219i, \u00eenv\u0103\u021b\u00e2nd \u0219i colect\u00e2nd feedback despre produs.<\/p>\n\n\n\n<p>Dup\u0103 ce am trecut \u00eentr-un alt rol, am continuat sesiunile de coaching 1:1, \u0219i pot spune c\u0103 este un ascultator excelent, \u00eentotdeauna autentic interesat s\u0103 \u00een\u021beleag\u0103 perspectiva celuilalt, f\u0103r\u0103 s\u0103 sar\u0103 la concluzii. Aduce \u00een discu\u021bie \u00eentreb\u0103ri, exemple \u0219i dezbateri deschise, iar \u00eempreun\u0103 construim un plan de ac\u021biune pentru aspectele pe care aleg s\u0103 le \u00eembun\u0103t\u0103\u021besc. Ce apreciez cel mai mult este c\u0103 nu se gr\u0103be\u0219te cu solu\u021bii rapide, ci m\u0103 ajut\u0103 s\u0103 fac un pas \u00eenapoi, s\u0103 privesc imaginea de ansamblu \u0219i s\u0103 m\u0103 concentrez pe ceea ce conteaz\u0103 cu adev\u0103rat, \u00een func\u021bie de modul meu propriu de a lucra \u0219i de a g\u00e2ndi, nu doar pe solu\u021bii temporare.<\/p>\n\n\n\n<p class=\"has-text-align-left has-nv-text-dark-bg-color has-text-color has-link-color wp-elements-8c2fe990be3fdddd83640cf9b464b7ee\">Cu siguran\u021b\u0103 a jucat un rol important \u00een parcursul meu profesional \u0219i \u00eei sunt sincer recunosc\u0103tor pentru asta.<\/p>\n\n\n\n<div class=\"wp-block-group is-nowrap is-layout-flex wp-container-core-group-is-layout-ad2f72ca wp-block-group-is-layout-flex\">\n<div id=\"wp-block-themeisle-blocks-font-awesome-icons-977f9439\" class=\"wp-block-themeisle-blocks-font-awesome-icons\"><span class=\"wp-block-themeisle-blocks-font-awesome-icons-container nan-padding\"><i class=\"fas fa-star\"><\/i><\/span><\/div>\n\n\n\n<div id=\"wp-block-themeisle-blocks-font-awesome-icons-8357ed5f\" class=\"wp-block-themeisle-blocks-font-awesome-icons\"><span class=\"wp-block-themeisle-blocks-font-awesome-icons-container nan-padding\"><i class=\"fas fa-star\"><\/i><\/span><\/div>\n\n\n\n<div id=\"wp-block-themeisle-blocks-font-awesome-icons-bf12f10e\" class=\"wp-block-themeisle-blocks-font-awesome-icons\"><span class=\"wp-block-themeisle-blocks-font-awesome-icons-container nan-padding\"><i class=\"fas fa-star\"><\/i><\/span><\/div>\n\n\n\n<div id=\"wp-block-themeisle-blocks-font-awesome-icons-6fa8cab0\" class=\"wp-block-themeisle-blocks-font-awesome-icons\"><span class=\"wp-block-themeisle-blocks-font-awesome-icons-container nan-padding\"><i class=\"fas fa-star\"><\/i><\/span><\/div>\n\n\n\n<div id=\"wp-block-themeisle-blocks-font-awesome-icons-43088270\" class=\"wp-block-themeisle-blocks-font-awesome-icons\"><span class=\"wp-block-themeisle-blocks-font-awesome-icons-container nan-padding\"><i class=\"fas fa-star\"><\/i><\/span><\/div>\n<\/div>\n<\/div>\n\n\n\n<div id=\"wp-block-themeisle-blocks-advanced-column-85883011\" class=\"wp-block-themeisle-blocks-advanced-column\"><div class=\"wp-block-themeisle-blocks-advanced-column-overlay\"><\/div>\n<div style=\"height:10px\" aria-hidden=\"true\" class=\"wp-block-spacer\"><\/div>\n\n\n\n<p id=\"wp-block-themeisle-blocks-advanced-heading-39fd91f4\" class=\"wp-block-themeisle-blocks-advanced-heading wp-block-themeisle-blocks-advanced-heading-39fd91f4\"><strong>Andrei B.<\/strong><\/p>\n\n\n\n<p>L-am cunoscut pe M\u0103d\u0103lin acum aproape 10 ani, c\u00e2nd am \u00eenceput s\u0103 lucrez la Themeisle, iar de atunci rela\u021bia noastr\u0103 profesional\u0103 s-a transformat \u00eentr-o prietenie valoroas\u0103, pe care o pre\u021buiesc foarte mult. Ceea ce \u00eel diferen\u021biaz\u0103 pe M\u0103d\u0103lin este empatia sa excep\u021bional\u0103 \u2013 are darul rar de a \u00een\u021belege cu adev\u0103rat perspectivele celorlal\u021bi \u0219i de a se conecta la un nivel autentic.<\/p>\n\n\n\n<p>\u0218edin\u021bele individuale cu el au avut un impact pozitiv asupra productivit\u0103\u021bii mele generale \u0219i, mai presus de toate, m-au ajutat s\u0103 v\u0103d valoarea pe care o aduc \u0219i modul \u00een care ac\u021biunile mele influen\u021beaz\u0103 echipa \u00een care lucrez.<\/p>\n\n\n\n<p>Pentru mine, personal, acest lucru a fost un factor decisiv \u00een momentele \u00een care eram epuizat sau pur \u0219i simplu demotivat.<\/p>\n\n\n\n<p>Abordarea lui organizat\u0103 nu vine dintr-o g\u00e2ndire rigid\u0103, ci din dorin\u021ba sincer\u0103 de a crea experien\u021be semnificative pentru to\u021bi cei implica\u021bi. Ca un regizor priceput, care \u0219tie c\u00e2nd s\u0103 urmeze scenariul \u0219i c\u00e2nd s\u0103 surprind\u0103 un moment neplanificat, M\u0103d\u0103lin echilibreaz\u0103 structura cu flexibilitate, asigur\u00e2ndu-se c\u0103 at\u00e2t organizarea, c\u00e2t \u0219i conexiunea uman\u0103 \u00ee\u0219i g\u0103sesc locul.<\/p>\n\n\n\n<div class=\"wp-block-group is-nowrap is-layout-flex wp-container-core-group-is-layout-ad2f72ca wp-block-group-is-layout-flex\">\n<div id=\"wp-block-themeisle-blocks-font-awesome-icons-80ced18c\" class=\"wp-block-themeisle-blocks-font-awesome-icons\"><span class=\"wp-block-themeisle-blocks-font-awesome-icons-container nan-padding\"><i class=\"fas fa-star\"><\/i><\/span><\/div>\n\n\n\n<div id=\"wp-block-themeisle-blocks-font-awesome-icons-8560720a\" class=\"wp-block-themeisle-blocks-font-awesome-icons\"><span class=\"wp-block-themeisle-blocks-font-awesome-icons-container nan-padding\"><i class=\"fas fa-star\"><\/i><\/span><\/div>\n\n\n\n<div id=\"wp-block-themeisle-blocks-font-awesome-icons-f9653d25\" class=\"wp-block-themeisle-blocks-font-awesome-icons\"><span class=\"wp-block-themeisle-blocks-font-awesome-icons-container nan-padding\"><i class=\"fas fa-star\"><\/i><\/span><\/div>\n\n\n\n<div id=\"wp-block-themeisle-blocks-font-awesome-icons-dfebdaf1\" class=\"wp-block-themeisle-blocks-font-awesome-icons\"><span class=\"wp-block-themeisle-blocks-font-awesome-icons-container nan-padding\"><i class=\"fas fa-star\"><\/i><\/span><\/div>\n\n\n\n<div id=\"wp-block-themeisle-blocks-font-awesome-icons-221e6565\" class=\"wp-block-themeisle-blocks-font-awesome-icons\"><span class=\"wp-block-themeisle-blocks-font-awesome-icons-container nan-padding\"><i class=\"fas fa-star\"><\/i><\/span><\/div>\n<\/div>\n<\/div>\n<\/div><\/div>\n<\/div>\n<\/div><\/div>\n\n\n\n<section id=\"services\" class=\"wp-block-themeisle-blocks-advanced-columns alignfull has-2-columns has-desktop-equal-layout has-tablet-equal-layout has-mobile-collapsedRows-layout has-vertical-center has-light-bg\"><div class=\"wp-block-themeisle-blocks-advanced-columns-overlay\"><\/div><div class=\"innerblocks-wrap\">\n<div id=\"wp-block-themeisle-blocks-advanced-column-9642dc3f\" class=\"wp-block-themeisle-blocks-advanced-column\">\n<h2 id=\"wp-block-themeisle-blocks-advanced-heading-804a4b93\" class=\"wp-block-themeisle-blocks-advanced-heading wp-block-themeisle-blocks-advanced-heading-804a4b93\"><strong>Hai s\u0103 discut\u0103m!<\/strong><\/h2>\n<\/div>\n\n\n\n<div id=\"wp-block-themeisle-blocks-advanced-column-ca9d1fcf\" class=\"wp-block-themeisle-blocks-advanced-column\">\n<section id=\"wp-block-themeisle-blocks-advanced-columns-f29753e1\" class=\"wp-block-themeisle-blocks-advanced-columns has-1-columns has-desktop-equal-layout has-tablet-equal-layout has-mobile-equal-layout has-vertical-flex-start\"><div class=\"wp-block-themeisle-blocks-advanced-columns-overlay\"><\/div><div class=\"innerblocks-wrap\">\n<div id=\"wp-block-themeisle-blocks-advanced-column-73209153\" class=\"wp-block-themeisle-blocks-advanced-column\">\n<p>Dac\u0103 e\u0219ti gata s\u0103 mergi mai departe cu claritate \u0219i \u00eencredere, programeaz\u0103 o discu\u021bie.<\/p>\n\n\n\n<div class=\"wp-block-buttons is-content-justification-left is-layout-flex wp-container-core-buttons-is-layout-fdcfc74e wp-block-buttons-is-layout-flex\">\n<div class=\"wp-block-button is-style-primary\"><a class=\"wp-block-button__link wp-element-button\" href=\"https:\/\/pensight.com\/x\/madalinmilea\/meeting-674bba77-4b2a-412a-bd8f-e4e948f71f48\" style=\"border-radius:8px\" target=\"_blank\" rel=\"noreferrer noopener\"><strong>Rezerv\u0103 o&nbsp;<strong>sesiune introductiv\u0103 de 15 minute<\/strong><\/strong><\/a><\/div>\n<\/div>\n<\/div>\n<\/div><\/section>\n<\/div>\n<\/div><\/section>","protected":false},"excerpt":{"rendered":"","protected":false},"author":1,"featured_media":0,"parent":0,"menu_order":0,"comment_status":"closed","ping_status":"closed","template":"","meta":{"neve_meta_sidebar":"","neve_meta_container":"","neve_meta_enable_content_width":"","neve_meta_content_width":0,"neve_meta_title_alignment":"","neve_meta_author_avatar":"","neve_post_elements_order":"","neve_meta_disable_header":"","neve_meta_disable_footer":"","neve_meta_disable_title":"","neve_meta_reading_time":"","_themeisle_gutenberg_block_has_review":false,"footnotes":""},"class_list":["post-1312","page","type-page","status-publish","hentry"],"yoast_head":"<!-- This site is optimized with the Yoast SEO plugin v27.3 - https:\/\/yoast.com\/product\/yoast-seo-wordpress\/ -->\n<title>About - Madalin Milea<\/title>\n<meta name=\"description\" content=\"With over a decade of experience in WordPress and People Development, I\u2019ve worked closely with managers, executives, and specialists who\" \/>\n<meta name=\"robots\" content=\"index, follow, max-snippet:-1, max-image-preview:large, max-video-preview:-1\" \/>\n<link rel=\"canonical\" href=\"https:\/\/madalinmilea.com\/ro\/about-me\/\" \/>\n<meta property=\"og:locale\" content=\"ro_RO\" \/>\n<meta property=\"og:type\" content=\"article\" \/>\n<meta property=\"og:title\" content=\"About - Madalin Milea\" \/>\n<meta property=\"og:description\" content=\"With over a decade of experience in WordPress and People Development, I\u2019ve worked closely with managers, executives, and specialists who\" \/>\n<meta property=\"og:url\" content=\"https:\/\/madalinmilea.com\/ro\/about-me\/\" \/>\n<meta property=\"og:site_name\" content=\"Madalin Milea\" \/>\n<meta property=\"article:modified_time\" content=\"2025-10-01T10:15:14+00:00\" \/>\n<meta name=\"twitter:card\" content=\"summary_large_image\" \/>\n<meta name=\"twitter:label1\" content=\"Timp estimat pentru citire\" \/>\n\t<meta name=\"twitter:data1\" content=\"4 minute\" \/>\n<script type=\"application\/ld+json\" class=\"yoast-schema-graph\">{\"@context\":\"https:\\\/\\\/schema.org\",\"@graph\":[{\"@type\":\"WebPage\",\"@id\":\"https:\\\/\\\/madalinmilea.com\\\/about-me\\\/\",\"url\":\"https:\\\/\\\/madalinmilea.com\\\/about-me\\\/\",\"name\":\"About - Madalin Milea\",\"isPartOf\":{\"@id\":\"https:\\\/\\\/madalinmilea.com\\\/#website\"},\"datePublished\":\"2023-06-29T07:50:12+00:00\",\"dateModified\":\"2025-10-01T10:15:14+00:00\",\"description\":\"With over a decade of experience in WordPress and People Development, I\u2019ve worked closely with managers, executives, and specialists who\",\"breadcrumb\":{\"@id\":\"https:\\\/\\\/madalinmilea.com\\\/about-me\\\/#breadcrumb\"},\"inLanguage\":\"ro-RO\",\"potentialAction\":[{\"@type\":\"ReadAction\",\"target\":[\"https:\\\/\\\/madalinmilea.com\\\/about-me\\\/\"]}]},{\"@type\":\"BreadcrumbList\",\"@id\":\"https:\\\/\\\/madalinmilea.com\\\/about-me\\\/#breadcrumb\",\"itemListElement\":[{\"@type\":\"ListItem\",\"position\":1,\"name\":\"Home\",\"item\":\"https:\\\/\\\/madalinmilea.com\\\/\"},{\"@type\":\"ListItem\",\"position\":2,\"name\":\"About\"}]},{\"@type\":\"WebSite\",\"@id\":\"https:\\\/\\\/madalinmilea.com\\\/#website\",\"url\":\"https:\\\/\\\/madalinmilea.com\\\/\",\"name\":\"Madalin Milea\",\"description\":\"Performance Coach\",\"potentialAction\":[{\"@type\":\"SearchAction\",\"target\":{\"@type\":\"EntryPoint\",\"urlTemplate\":\"https:\\\/\\\/madalinmilea.com\\\/?s={search_term_string}\"},\"query-input\":{\"@type\":\"PropertyValueSpecification\",\"valueRequired\":true,\"valueName\":\"search_term_string\"}}],\"inLanguage\":\"ro-RO\"}]}<\/script>\n<!-- \/ Yoast SEO plugin. -->","yoast_head_json":{"title":"About - Madalin Milea","description":"With over a decade of experience in WordPress and People Development, I\u2019ve worked closely with managers, executives, and specialists who","robots":{"index":"index","follow":"follow","max-snippet":"max-snippet:-1","max-image-preview":"max-image-preview:large","max-video-preview":"max-video-preview:-1"},"canonical":"https:\/\/madalinmilea.com\/ro\/about-me\/","og_locale":"ro_RO","og_type":"article","og_title":"About - Madalin Milea","og_description":"With over a decade of experience in WordPress and People Development, I\u2019ve worked closely with managers, executives, and specialists who","og_url":"https:\/\/madalinmilea.com\/ro\/about-me\/","og_site_name":"Madalin Milea","article_modified_time":"2025-10-01T10:15:14+00:00","twitter_card":"summary_large_image","twitter_misc":{"Timp estimat pentru citire":"4 minute"},"schema":{"@context":"https:\/\/schema.org","@graph":[{"@type":"WebPage","@id":"https:\/\/madalinmilea.com\/about-me\/","url":"https:\/\/madalinmilea.com\/about-me\/","name":"About - Madalin Milea","isPartOf":{"@id":"https:\/\/madalinmilea.com\/#website"},"datePublished":"2023-06-29T07:50:12+00:00","dateModified":"2025-10-01T10:15:14+00:00","description":"With over a decade of experience in WordPress and People Development, I\u2019ve worked closely with managers, executives, and specialists who","breadcrumb":{"@id":"https:\/\/madalinmilea.com\/about-me\/#breadcrumb"},"inLanguage":"ro-RO","potentialAction":[{"@type":"ReadAction","target":["https:\/\/madalinmilea.com\/about-me\/"]}]},{"@type":"BreadcrumbList","@id":"https:\/\/madalinmilea.com\/about-me\/#breadcrumb","itemListElement":[{"@type":"ListItem","position":1,"name":"Home","item":"https:\/\/madalinmilea.com\/"},{"@type":"ListItem","position":2,"name":"About"}]},{"@type":"WebSite","@id":"https:\/\/madalinmilea.com\/#website","url":"https:\/\/madalinmilea.com\/","name":"Madalin Milea","description":"Coach de performan\u021b\u0103","potentialAction":[{"@type":"SearchAction","target":{"@type":"EntryPoint","urlTemplate":"https:\/\/madalinmilea.com\/?s={search_term_string}"},"query-input":{"@type":"PropertyValueSpecification","valueRequired":true,"valueName":"search_term_string"}}],"inLanguage":"ro-RO"}]}},"jetpack_sharing_enabled":true,"_links":{"self":[{"href":"https:\/\/madalinmilea.com\/ro\/wp-json\/wp\/v2\/pages\/1312","targetHints":{"allow":["GET"]}}],"collection":[{"href":"https:\/\/madalinmilea.com\/ro\/wp-json\/wp\/v2\/pages"}],"about":[{"href":"https:\/\/madalinmilea.com\/ro\/wp-json\/wp\/v2\/types\/page"}],"author":[{"embeddable":true,"href":"https:\/\/madalinmilea.com\/ro\/wp-json\/wp\/v2\/users\/1"}],"replies":[{"embeddable":true,"href":"https:\/\/madalinmilea.com\/ro\/wp-json\/wp\/v2\/comments?post=1312"}],"version-history":[{"count":4,"href":"https:\/\/madalinmilea.com\/ro\/wp-json\/wp\/v2\/pages\/1312\/revisions"}],"predecessor-version":[{"id":1465,"href":"https:\/\/madalinmilea.com\/ro\/wp-json\/wp\/v2\/pages\/1312\/revisions\/1465"}],"wp:attachment":[{"href":"https:\/\/madalinmilea.com\/ro\/wp-json\/wp\/v2\/media?parent=1312"}],"curies":[{"name":"wp","href":"https:\/\/api.w.org\/{rel}","templated":true}]}}