{"id":12,"date":"2023-06-29T07:50:12","date_gmt":"2023-06-29T07:50:12","guid":{"rendered":"https:\/\/demosites.io\/online-course-2-gb\/?page_id=12"},"modified":"2025-08-17T14:35:47","modified_gmt":"2025-08-17T11:35:47","slug":"ec3e5-contact","status":"publish","type":"page","link":"https:\/\/madalinmilea.com\/ro\/ec3e5-contact\/","title":{"rendered":"Contact"},"content":{"rendered":"<div id=\"wp-block-themeisle-blocks-advanced-columns-40db0924\" class=\"wp-block-themeisle-blocks-advanced-columns alignfull has-1-columns has-desktop-equal-layout has-tablet-equal-layout has-mobile-equal-layout has-vertical-top ticss-c00aadba\"><div class=\"wp-block-themeisle-blocks-advanced-columns-overlay\"><\/div><div class=\"innerblocks-wrap\">\n<div id=\"wp-block-themeisle-blocks-advanced-column-ee3078f9\" class=\"wp-block-themeisle-blocks-advanced-column has-light-bg\">\n<div id=\"wp-block-themeisle-blocks-form-c02278c7\" class=\"wp-block-themeisle-blocks-form\" data-option-name=\"bf9b28ff82ce323187abc5d0feb0d8f07ecd8436_c02278c7\"><form class=\"otter-form__container\" action=\"\">\n<h2 id=\"wp-block-themeisle-blocks-advanced-heading-5a7f50e3\" class=\"wp-block-themeisle-blocks-advanced-heading wp-block-themeisle-blocks-advanced-heading-5a7f50e3\">Trimite un mesaj<\/h2>\n\n\n\n<p class=\"has-text-align-left\">Scrie-mi un mesaj pentru a m\u0103 saluta, sau pentru a adresa o \u00eentrebare. \u00ce\u021bi r\u0103spund c\u00e2t mai cur\u00e2nd!<\/p>\n\n\n\n<div id=\"wp-block-themeisle-blocks-form-input-b7bbe5bf\" class=\"wp-block-themeisle-blocks-form-input\"><label for=\"wp-block-themeisle-blocks-form-input-b7bbe5bf-input\" class=\"otter-form-input-label\"><span class=\"otter-form-input-label__label\">Nume<\/span><span class=\"required\">*<\/span><\/label><input type=\"text\" id=\"wp-block-themeisle-blocks-form-input-b7bbe5bf-input\" required class=\"otter-form-input\"\/><\/div>\n\n\n\n<div id=\"wp-block-themeisle-blocks-form-input-6cf151a8\" class=\"wp-block-themeisle-blocks-form-input\"><label for=\"wp-block-themeisle-blocks-form-input-6cf151a8-input\" class=\"otter-form-input-label\"><span class=\"otter-form-input-label__label\">Email<\/span><span class=\"required\">*<\/span><\/label><input type=\"email\" id=\"wp-block-themeisle-blocks-form-input-6cf151a8-input\" required class=\"otter-form-input\"\/><\/div>\n\n\n\n<div id=\"wp-block-themeisle-blocks-form-textarea-516ebef1\" class=\"wp-block-themeisle-blocks-form-textarea\"><label for=\"wp-block-themeisle-blocks-form-textarea-516ebef1-input\" class=\"otter-form-textarea-label\"><span class=\"otter-form-textarea-label__label\">Mesaj<\/span><\/label><textarea id=\"wp-block-themeisle-blocks-form-textarea-516ebef1-input\" rows=\"10\" class=\"otter-form-textarea-input\"><\/textarea><\/div>\n\n\n\n<p class=\"has-text-align-center has-extra-small-font-size\">E\u0219ti de acord s\u0103 prime\u0219ti r\u0103spunsul prin email de la mine.<\/p>\n\n\n<div class=\"protection\" aria-hidden=\"true\"><input type=\"hidden\" id=\"wp-block-themeisle-blocks-form-c02278c7_nonce_field\" name=\"wp-block-themeisle-blocks-form-c02278c7_nonce_field\" value=\"110c22b5df\" \/><input type=\"hidden\" name=\"_wp_http_referer\" value=\"\/ro\/wp-json\/wp\/v2\/pages\/12\" \/><input class=\"o-anti-bot\" type=\"checkbox\"><\/div><div class=\"wp-block-button full\"><button class=\"wp-block-button__link\" type=\"submit\">Trimite<\/button><\/div><input type=\"hidden\" name=\"trp-form-language\" value=\"ro\"\/><\/form><\/div>\n\n\n\n<div style=\"height:32px\" aria-hidden=\"true\" class=\"wp-block-spacer\"><\/div>\n\n\n\n<p id=\"wp-block-themeisle-blocks-advanced-heading-9b27b614\" class=\"wp-block-themeisle-blocks-advanced-heading wp-block-themeisle-blocks-advanced-heading-9b27b614\"><strong>Urm\u0103re\u0219te-m\u0103 pe Social Media<\/strong><\/p>\n\n\n\n<p class=\"has-text-align-center\"><a href=\"#\">LinkedIn<\/a> \/ <a href=\"#\">TikTok<\/a> \/ <a href=\"https:\/\/www.instagram.com\/madalinv_milea\/\" target=\"_blank\" rel=\"noreferrer noopener\">Instagram<\/a><\/p>\n<\/div>\n<\/div><\/div>","protected":false},"excerpt":{"rendered":"","protected":false},"author":1,"featured_media":0,"parent":0,"menu_order":0,"comment_status":"closed","ping_status":"closed","template":"","meta":{"neve_meta_sidebar":"","neve_meta_container":"","neve_meta_enable_content_width":"","neve_meta_content_width":0,"neve_meta_title_alignment":"","neve_meta_author_avatar":"","neve_post_elements_order":"","neve_meta_disable_header":"","neve_meta_disable_footer":"","neve_meta_disable_title":"","neve_meta_reading_time":"","_themeisle_gutenberg_block_has_review":false,"footnotes":""},"class_list":["post-12","page","type-page","status-publish","hentry"],"yoast_head":"<!-- This site is optimized with the Yoast SEO plugin v27.3 - https:\/\/yoast.com\/product\/yoast-seo-wordpress\/ -->\n<title>Contact - Madalin Milea<\/title>\n<meta name=\"robots\" content=\"index, follow, max-snippet:-1, max-image-preview:large, max-video-preview:-1\" \/>\n<link rel=\"canonical\" href=\"https:\/\/madalinmilea.com\/ro\/ec3e5-contact\/\" \/>\n<meta property=\"og:locale\" content=\"ro_RO\" \/>\n<meta property=\"og:type\" content=\"article\" \/>\n<meta property=\"og:title\" content=\"Contact - Madalin Milea\" \/>\n<meta property=\"og:url\" content=\"https:\/\/madalinmilea.com\/ro\/ec3e5-contact\/\" \/>\n<meta property=\"og:site_name\" content=\"Madalin Milea\" \/>\n<meta property=\"article:modified_time\" content=\"2025-08-17T11:35:47+00:00\" \/>\n<meta name=\"twitter:card\" content=\"summary_large_image\" \/>\n<script type=\"application\/ld+json\" class=\"yoast-schema-graph\">{\"@context\":\"https:\\\/\\\/schema.org\",\"@graph\":[{\"@type\":\"WebPage\",\"@id\":\"https:\\\/\\\/madalinmilea.com\\\/ec3e5-contact\\\/\",\"url\":\"https:\\\/\\\/madalinmilea.com\\\/ec3e5-contact\\\/\",\"name\":\"Contact - Madalin Milea\",\"isPartOf\":{\"@id\":\"https:\\\/\\\/madalinmilea.com\\\/#website\"},\"datePublished\":\"2023-06-29T07:50:12+00:00\",\"dateModified\":\"2025-08-17T11:35:47+00:00\",\"breadcrumb\":{\"@id\":\"https:\\\/\\\/madalinmilea.com\\\/ec3e5-contact\\\/#breadcrumb\"},\"inLanguage\":\"ro-RO\",\"potentialAction\":[{\"@type\":\"ReadAction\",\"target\":[\"https:\\\/\\\/madalinmilea.com\\\/ec3e5-contact\\\/\"]}]},{\"@type\":\"BreadcrumbList\",\"@id\":\"https:\\\/\\\/madalinmilea.com\\\/ec3e5-contact\\\/#breadcrumb\",\"itemListElement\":[{\"@type\":\"ListItem\",\"position\":1,\"name\":\"Home\",\"item\":\"https:\\\/\\\/madalinmilea.com\\\/\"},{\"@type\":\"ListItem\",\"position\":2,\"name\":\"Contact\"}]},{\"@type\":\"WebSite\",\"@id\":\"https:\\\/\\\/madalinmilea.com\\\/#website\",\"url\":\"https:\\\/\\\/madalinmilea.com\\\/\",\"name\":\"Madalin Milea\",\"description\":\"Performance Coach\",\"potentialAction\":[{\"@type\":\"SearchAction\",\"target\":{\"@type\":\"EntryPoint\",\"urlTemplate\":\"https:\\\/\\\/madalinmilea.com\\\/?s={search_term_string}\"},\"query-input\":{\"@type\":\"PropertyValueSpecification\",\"valueRequired\":true,\"valueName\":\"search_term_string\"}}],\"inLanguage\":\"ro-RO\"}]}<\/script>\n<!-- \/ Yoast SEO plugin. -->","yoast_head_json":{"title":"Contact - Madalin Milea","robots":{"index":"index","follow":"follow","max-snippet":"max-snippet:-1","max-image-preview":"max-image-preview:large","max-video-preview":"max-video-preview:-1"},"canonical":"https:\/\/madalinmilea.com\/ro\/ec3e5-contact\/","og_locale":"ro_RO","og_type":"article","og_title":"Contact - Madalin Milea","og_url":"https:\/\/madalinmilea.com\/ro\/ec3e5-contact\/","og_site_name":"Madalin Milea","article_modified_time":"2025-08-17T11:35:47+00:00","twitter_card":"summary_large_image","schema":{"@context":"https:\/\/schema.org","@graph":[{"@type":"WebPage","@id":"https:\/\/madalinmilea.com\/ec3e5-contact\/","url":"https:\/\/madalinmilea.com\/ec3e5-contact\/","name":"Contact - Madalin Milea","isPartOf":{"@id":"https:\/\/madalinmilea.com\/#website"},"datePublished":"2023-06-29T07:50:12+00:00","dateModified":"2025-08-17T11:35:47+00:00","breadcrumb":{"@id":"https:\/\/madalinmilea.com\/ec3e5-contact\/#breadcrumb"},"inLanguage":"ro-RO","potentialAction":[{"@type":"ReadAction","target":["https:\/\/madalinmilea.com\/ec3e5-contact\/"]}]},{"@type":"BreadcrumbList","@id":"https:\/\/madalinmilea.com\/ec3e5-contact\/#breadcrumb","itemListElement":[{"@type":"ListItem","position":1,"name":"Home","item":"https:\/\/madalinmilea.com\/"},{"@type":"ListItem","position":2,"name":"Contact"}]},{"@type":"WebSite","@id":"https:\/\/madalinmilea.com\/#website","url":"https:\/\/madalinmilea.com\/","name":"Madalin Milea","description":"Coach de performan\u021b\u0103","potentialAction":[{"@type":"SearchAction","target":{"@type":"EntryPoint","urlTemplate":"https:\/\/madalinmilea.com\/?s={search_term_string}"},"query-input":{"@type":"PropertyValueSpecification","valueRequired":true,"valueName":"search_term_string"}}],"inLanguage":"ro-RO"}]}},"jetpack_sharing_enabled":true,"_links":{"self":[{"href":"https:\/\/madalinmilea.com\/ro\/wp-json\/wp\/v2\/pages\/12","targetHints":{"allow":["GET"]}}],"collection":[{"href":"https:\/\/madalinmilea.com\/ro\/wp-json\/wp\/v2\/pages"}],"about":[{"href":"https:\/\/madalinmilea.com\/ro\/wp-json\/wp\/v2\/types\/page"}],"author":[{"embeddable":true,"href":"https:\/\/madalinmilea.com\/ro\/wp-json\/wp\/v2\/users\/1"}],"replies":[{"embeddable":true,"href":"https:\/\/madalinmilea.com\/ro\/wp-json\/wp\/v2\/comments?post=12"}],"version-history":[{"count":1,"href":"https:\/\/madalinmilea.com\/ro\/wp-json\/wp\/v2\/pages\/12\/revisions"}],"predecessor-version":[{"id":1399,"href":"https:\/\/madalinmilea.com\/ro\/wp-json\/wp\/v2\/pages\/12\/revisions\/1399"}],"wp:attachment":[{"href":"https:\/\/madalinmilea.com\/ro\/wp-json\/wp\/v2\/media?parent=12"}],"curies":[{"name":"wp","href":"https:\/\/api.w.org\/{rel}","templated":true}]}}